{"id":30,"date":"2025-01-01T21:22:26","date_gmt":"2025-01-01T21:22:26","guid":{"rendered":"https:\/\/nextlevelrobot.com\/de\/?page_id=30"},"modified":"2025-01-21T19:37:39","modified_gmt":"2025-01-21T19:37:39","slug":"home","status":"publish","type":"page","link":"https:\/\/nextlevelrobot.com\/de\/","title":{"rendered":"Home"},"content":{"rendered":"\n<div class=\"wp-block-group alignfull is-layout-flow wp-container-core-group-is-layout-a5ff6134 wp-block-group-is-layout-flow\" style=\"margin-top:var(--wp--preset--spacing--40);margin-bottom:var(--wp--preset--spacing--40);padding-top:0;padding-right:var(--wp--preset--spacing--50);padding-bottom:0;padding-left:var(--wp--preset--spacing--50)\">\n<div class=\"wp-block-columns is-layout-flex wp-container-core-columns-is-layout-b0bab6eb wp-block-columns-is-layout-flex\" style=\"margin-top:var(--wp--preset--spacing--40);margin-bottom:var(--wp--preset--spacing--40)\">\n<div class=\"wp-block-column is-layout-flow wp-block-column-is-layout-flow\">\n<div class=\"wp-block-group has-global-padding is-content-justification-right is-layout-constrained wp-container-core-group-is-layout-1d51bc2c wp-block-group-is-layout-constrained\" style=\"margin-top:0;margin-bottom:0;padding-top:0;padding-bottom:0\">\n<h2 class=\"wp-block-heading has-text-align-center has-xx-large-font-size\" style=\"margin-right:0;margin-left:0;padding-top:var(--wp--preset--spacing--30);padding-right:0;padding-bottom:var(--wp--preset--spacing--30);padding-left:0\">Wir helfen bei Ihrer KI-Transformation<\/h2>\n\n\n\n<p class=\"has-text-align-center\">Transformieren Sie Ihr Unternehmen mit ma\u00dfgeschneiderten KI-L\u00f6sungen, die Ihnen einen technischen Vorsprung verschaffen. Arbeiten Sie mit uns zusammen, um neue M\u00f6glichkeiten im Bereich k\u00fcnstlicher Intelligenz zu erschlie\u00dfen, Abl\u00e4ufe zu optimieren und sinnvolle Innovationen voranzutreiben, die sich nachhaltig auf Ihren Erfolg auswirken.<\/p>\n\n\n\n<div class=\"wp-block-columns is-layout-flex wp-container-core-columns-is-layout-28f84493 wp-block-columns-is-layout-flex\">\n<div class=\"wp-block-column is-layout-flow wp-block-column-is-layout-flow\">\n<div class=\"wp-block-columns is-layout-flex wp-container-core-columns-is-layout-28f84493 wp-block-columns-is-layout-flex\">\n<div class=\"wp-block-column is-layout-flow wp-block-column-is-layout-flow\"><\/div>\n<\/div>\n<\/div>\n<\/div>\n\n\n\n<div class=\"wp-block-buttons is-content-justification-center is-layout-flex wp-container-core-buttons-is-layout-ecbad910 wp-block-buttons-is-layout-flex\" style=\"padding-top:var(--wp--preset--spacing--20);padding-bottom:var(--wp--preset--spacing--20)\">\n<div class=\"wp-block-button\"><a class=\"wp-block-button__link wp-element-button\" href=\"https:\/\/nextlevelrobot.com\/de\/kontakt\/\" style=\"padding-top:var(--wp--preset--spacing--20);padding-bottom:var(--wp--preset--spacing--20)\">Kontakt aufnehmen<\/a><\/div>\n<\/div>\n<\/div>\n<\/div>\n\n\n\n<div class=\"wp-block-column is-layout-flow wp-block-column-is-layout-flow\">\n<figure class=\"wp-block-image aligncenter size-full has-custom-border is-style-rounded\" style=\"margin-top:0;margin-bottom:0\"><img decoding=\"async\" src=\"https:\/\/nextlevelrobot.com\/wp-content\/uploads\/2024\/12\/robots_friendly.jpg\" alt=\"\" class=\"wp-image-38\" style=\"border-style:none;border-width:0px;border-radius:40px;object-fit:cover\"\/><\/figure>\n<\/div>\n<\/div>\n<\/div>\n\n\n\n<div class=\"wp-block-group alignfull is-style-section-1 has-global-padding is-layout-constrained wp-block-group-is-layout-constrained is-style-section-1--1\" style=\"margin-top:0;margin-bottom:0;padding-top:var(--wp--preset--spacing--80);padding-bottom:var(--wp--preset--spacing--80)\">\n<div class=\"wp-block-columns alignwide are-vertically-aligned-center is-layout-flex wp-container-core-columns-is-layout-66fad18a wp-block-columns-is-layout-flex\">\n<div class=\"wp-block-column is-vertically-aligned-center is-layout-flow wp-block-column-is-layout-flow\" style=\"padding-right:var(--wp--preset--spacing--50);flex-basis:45%\">\n<figure class=\"wp-block-image alignright size-full is-style-rounded\"><img decoding=\"async\" src=\"https:\/\/nextlevelrobot.com\/wp-content\/uploads\/2024\/12\/flower_artificial_squared.png\" alt=\"\" class=\"wp-image-78\"\/><\/figure>\n\n\n\n<div class=\"wp-block-group has-global-padding is-layout-constrained wp-block-group-is-layout-constrained\" style=\"margin-top:-12vw\"><\/div>\n<\/div>\n\n\n\n<div class=\"wp-block-column is-vertically-aligned-center is-layout-flow wp-block-column-is-layout-flow\" style=\"padding-right:0;padding-left:0;flex-basis:50%\">\n<div class=\"wp-block-group is-vertical is-layout-flex wp-container-core-group-is-layout-fe9cc265 wp-block-group-is-layout-flex\">\n<h2 class=\"wp-block-heading is-style-text-annotation is-style-text-annotation--2\">\u00dcber uns<\/h2>\n<\/div>\n\n\n\n<p class=\"is-style-text-subtitle is-style-text-subtitle--3\">Unser Ziel ist es, Sie mit den effektivsten Methoden zu unterst\u00fctzen, die auf Ihre individuellen Ziele zugeschnitten sind. Wir arbeiten eng mit Ihnen zusammen, um Ihre Herausforderungen und Ziele zu verstehen und ma\u00dfgeschneiderte L\u00f6sungen zu entwickeln, die sich nahtlos in bestehende Arbeitsabl\u00e4ufe einf\u00fcgen. Ganz gleich, ob es um die Automatisierung komplexer Aufgaben, die Verbesserung von Entscheidungsprozessen oder Erkenntnisgewinn anhand riesiger Datenmengen geht. Mit unserem Fachwissen in KI und Data Engineering helfen wir Ihrem Unternehmen, sein Innovationspotenzial voll auszusch\u00f6pfen.<\/p>\n<\/div>\n<\/div>\n<\/div>\n\n\n\n<div class=\"wp-block-group alignfull has-global-padding is-layout-constrained wp-container-core-group-is-layout-ebee8dc1 wp-block-group-is-layout-constrained\" style=\"margin-top:0;margin-bottom:0;padding-top:var(--wp--preset--spacing--50);padding-bottom:var(--wp--preset--spacing--50)\">\n<h2 class=\"wp-block-heading alignwide\">Unsere Leistungen<\/h2>\n\n\n\n<div class=\"wp-block-columns alignwide is-layout-flex wp-container-core-columns-is-layout-28f84493 wp-block-columns-is-layout-flex\">\n<div class=\"wp-block-column is-layout-flow wp-block-column-is-layout-flow\">\n<figure class=\"wp-block-image size-full has-custom-border is-style-rounded\" style=\"margin-bottom:24px\"><img decoding=\"async\" src=\"https:\/\/nextlevelrobot.com\/wp-content\/uploads\/2024\/12\/computer_scientist_implementation.jpg\" alt=\"\" class=\"wp-image-30\" style=\"border-radius:40px;aspect-ratio:4\/3;object-fit:cover\"\/><\/figure>\n\n\n\n<h3 class=\"wp-block-heading has-text-align-left\">KI Implementierung<\/h3>\n\n\n\n<p class=\"has-text-align-left has-medium-font-size\">Integrieren Sie ma\u00dfgeschneiderte KI-Modelle (KI-Agenten, private LLMs) nahtlos in Ihre bestehenden Systeme und Arbeitsabl\u00e4ufe. Wir k\u00fcmmern uns um jeden Aspekt der Bereitstellung, von der technischen Konfiguration bis zur Teamschulung und stellen sicher, dass die Technologie einwandfrei funktioniert und mit Ihren Gesch\u00e4ftszielen \u00fcbereinstimmt. Wir konzentrieren uns auf Skalierbarkeit, Sicherheit und Benutzerfreundlichkeit und liefern L\u00f6sungen, die nicht nur aktuelle Herausforderungen bew\u00e4ltigen, sondern Ihr Unternehmen auch f\u00fcr k\u00fcnftiges Wachstum r\u00fcsten. Durch kontinuierlichen Support und Optimierung stellen wir sicher, dass Ihre KI-Investition nachhaltige Ergebnisse liefern.<\/p>\n<\/div>\n\n\n\n<div class=\"wp-block-column is-layout-flow wp-block-column-is-layout-flow\">\n<figure class=\"wp-block-image size-full has-custom-border is-style-rounded\" style=\"margin-bottom:24px\"><img decoding=\"async\" src=\"https:\/\/nextlevelrobot.com\/wp-content\/uploads\/2024\/12\/robot_puzzle_data_integration.jpg\" alt=\"\" class=\"wp-image-37\" style=\"border-radius:40px;aspect-ratio:4\/3;object-fit:cover\"\/><\/figure>\n\n\n\n<h3 class=\"wp-block-heading\">Datenintegration<\/h3>\n\n\n\n<p class=\"has-text-align-left has-medium-font-size\">Unsere Expertise im Bereich Datenintegration stellt sicher, dass Ihre KI-L\u00f6sungen auf einer soliden Grundlage pr\u00e4ziser, einheitlicher und verwertbarer Daten basieren. Wir arbeiten mit Ihren bestehenden Systemen zusammen, um Daten aus verschiedenen Quellen zu konsolidieren und zu standardisieren und so einen nahtlosen Informationsfluss zu schaffen. Indem wir uns um Datenqualit\u00e4t, Zug\u00e4nglichkeit und Compliance k\u00fcmmern, erm\u00f6glichen wir Ihnen zuverl\u00e4ssige Erkenntnisse zu generieren und wirkungsvolle Entscheidungen zu treffen. Mit unserer Expertise werden Ihre Daten zu einem wertvollen Asset, das Innovationen vorantreibt und neue Chancen f\u00fcr Ihr Unternehmen er\u00f6ffnet.<\/p>\n<\/div>\n\n\n\n<div class=\"wp-block-column is-layout-flow wp-block-column-is-layout-flow\">\n<figure class=\"wp-block-image size-full has-custom-border is-style-rounded\" style=\"margin-bottom:24px\"><img decoding=\"async\" src=\"https:\/\/nextlevelrobot.com\/wp-content\/uploads\/2024\/12\/presentation_robot.jpg\" alt=\"\" class=\"wp-image-35\" style=\"border-radius:40px;aspect-ratio:4\/3;object-fit:cover\"\/><\/figure>\n\n\n\n<h3 class=\"wp-block-heading\">Beratung<\/h3>\n\n\n\n<p class=\"has-text-align-left has-medium-font-size\">Lassen Sie sich von Experten beraten, um herauszufinden, wie k\u00fcnstliche Intelligenz Ihr Unternehmen ver\u00e4ndern und messbare Ergebnisse erzielen kann. Wir arbeiten mit Ihnen zusammen, um Ihre Ausgangssituation zu bewerten, M\u00f6glichkeiten f\u00fcr eine KI-gest\u00fctzte Transformation zu identifizieren und eine strategische Roadmap f\u00fcr deren Umsetzung zu erstellen. Unsere Experten begleiten Sie in jedem Schritt \u2013 von der Untersuchung m\u00f6glicher Anwendungsf\u00e4lle bis zur Bewertung der technischen Machbarkeit \u2013 und liefern dabei praktische Einblicke und Unterst\u00fctzung. Ganz gleich, ob Sie neu im Bereich KI sind oder Ihren bestehenden Ansatz verfeinern m\u00f6chten, wir versetzen Sie in die Lage, fundierte Entscheidungen zu treffen und messbare Ergebnisse zu erzielen.<\/p>\n<\/div>\n<\/div>\n\n\n\n<div class=\"wp-block-columns alignwide is-layout-flex wp-container-core-columns-is-layout-28f84493 wp-block-columns-is-layout-flex\">\n<div class=\"wp-block-column is-layout-flow wp-block-column-is-layout-flow\">\n<figure class=\"wp-block-image size-full has-custom-border is-style-rounded\" style=\"margin-bottom:24px\"><img decoding=\"async\" src=\"https:\/\/nextlevelrobot.com\/wp-content\/uploads\/2024\/12\/hardware_engineer.jpg\" alt=\"\" class=\"wp-image-34\" style=\"border-radius:40px;aspect-ratio:4\/3;object-fit:cover\"\/><\/figure>\n\n\n\n<h3 class=\"wp-block-heading\">KI Infrastruktur<\/h3>\n\n\n\n<p class=\"has-medium-font-size\">Schaffen Sie mit ma\u00dfgeschneiderten Infrastrukturl\u00f6sungen eine solide Grundlage f\u00fcr Ihre KI-Modelle, sei es durch die Nutzung von Cloud-Diensten wie AWS, die Optimierung Ihrer vorhandenen Systeme oder die Beschaffung neuer Server f\u00fcr dedizierte KI-Workloads. Wir entwerfen und implementieren skalierbare, sichere und leistungsstarke Umgebungen, welche die Anforderungen moderner KI-Modelle erf\u00fcllen (eigene Modell trainieren, Inferenz in Echtzeit). Unser Team stellt sicher, dass die Infrastruktur vollst\u00e4ndig f\u00fcr KI-Anwendungen optimiert ist, sei es durch Cloud-Integration, Einrichtung von Hardware vor Ort oder hybride L\u00f6sungen. Dank unserer Expertise verf\u00fcgen Sie \u00fcber eine zuverl\u00e4ssige Infrastruktur, die mit steigenden Anforderungen mithalten kann.<\/p>\n<\/div>\n\n\n\n<div class=\"wp-block-column is-layout-flow wp-block-column-is-layout-flow\">\n<figure class=\"wp-block-image size-full has-custom-border is-style-rounded\" style=\"margin-bottom:24px\"><img decoding=\"async\" src=\"https:\/\/nextlevelrobot.com\/wp-content\/uploads\/2024\/12\/dashboard.jpg\" alt=\"\" class=\"wp-image-31\" style=\"border-radius:40px;aspect-ratio:4\/3;object-fit:cover\"\/><\/figure>\n\n\n\n<h3 class=\"wp-block-heading\">Datenanalyse<\/h3>\n\n\n\n<p class=\"has-medium-font-size\">Sch\u00f6pfen Sie das volle Potenzial Ihrer Daten durch fortschrittliche Analysen aus: Rohdaten werden in umsetzbare Erkenntnisse verwandelt. <\/p>\n\n\n\n<p class=\"has-medium-font-size\">Durch den Einsatz leistungsstarker Analysetools und -techniken helfen wir Ihnen Trends, Muster und Chancen zu erkennen und fundierte Entscheidungen zu treffen. Ob durch pr\u00e4diktive Analysen, Datenvisualisierung oder statistische Modellierung &#8211; unser Datenanalyseservice vermittelt Ihnen ein fundiertes Verst\u00e4ndnis Ihrer Gesch\u00e4ftsdaten. So k\u00f6nnen Sie Ihre Abl\u00e4ufe optimieren, das Kundenerlebnis verbessern und datengesteuerte Entscheidungen treffen, die zu messbaren Ergebnissen f\u00fchren.<\/p>\n<\/div>\n\n\n\n<div class=\"wp-block-column is-layout-flow wp-block-column-is-layout-flow\">\n<figure class=\"wp-block-image size-full has-custom-border is-style-rounded\" style=\"margin-bottom:24px\"><img decoding=\"async\" src=\"https:\/\/nextlevelrobot.com\/wp-content\/uploads\/2024\/12\/data_highway_pipeline.jpg\" alt=\"\" class=\"wp-image-33\" style=\"border-radius:40px;aspect-ratio:4\/3;object-fit:cover\"\/><\/figure>\n\n\n\n<h3 class=\"wp-block-heading\">Daten Pipelines<\/h3>\n\n\n\n<p class=\"has-medium-font-size\">Optimieren und automatisieren Sie Ihre Daten-Workflows mit ma\u00dfgeschneiderten Daten-Pipelines, die einen reibungslosen und effizienten Datenfluss \u00fcber mehrere Systeme hinweg gew\u00e4hrleisten. Wir erstellen robuste, skalierbare Pipelines, die verschiedene Datenquellen integrieren, Datenverarbeitung automatisieren und eine nahtlose Daten\u00fcbertragung zwischen Systemen erm\u00f6glichen. Dies reduziert manuelle Interventionen, minimiert Fehler und stellt sicher, dass wertvolle Daten f\u00fcr KI-Modelle, Analysen und externe Systemanbindungen konsistent zur Verf\u00fcgung stehen. Indem wir den Informationsfluss optimieren, f\u00f6rdern wir schnellere Entscheidungen, steigern die betriebliche Effizienz und verbessern datengesteuerte Strategien.<\/p>\n<\/div>\n<\/div>\n\n\n\n<div class=\"wp-block-columns is-layout-flex wp-container-core-columns-is-layout-28f84493 wp-block-columns-is-layout-flex\">\n<div class=\"wp-block-column is-layout-flow wp-block-column-is-layout-flow\"><\/div>\n\n\n\n<div class=\"wp-block-column is-layout-flow wp-block-column-is-layout-flow\"><\/div>\n\n\n\n<div class=\"wp-block-column is-layout-flow wp-block-column-is-layout-flow\"><\/div>\n<\/div>\n<\/div>\n\n\n\n<aside class=\"wp-block-group alignfull is-style-section-1 has-global-padding is-layout-constrained wp-container-core-group-is-layout-f0f2a97b wp-block-group-is-layout-constrained is-style-section-1--4\" style=\"margin-top:0;margin-bottom:0;padding-top:var(--wp--preset--spacing--50);padding-right:var(--wp--preset--spacing--50);padding-bottom:var(--wp--preset--spacing--50);padding-left:var(--wp--preset--spacing--50)\">\n<div class=\"wp-block-group is-style-default is-vertical is-content-justification-center is-layout-flex wp-container-core-group-is-layout-8778ca4a wp-block-group-is-layout-flex\" style=\"min-height:360px;margin-top:0;margin-bottom:0\">\n<h2 class=\"wp-block-heading has-text-align-center is-style-default has-xx-large-font-size\">Nehmen Sie Kontakt auf<\/h2>\n\n\n\n<p class=\"has-text-align-center is-style-text-subtitle is-style-text-subtitle--5\">Sind Sie bereit, Ihr Unternehmen mit modernsten KI-L\u00f6sungen auf das n\u00e4chste Level zu heben? Kontaktieren Sie uns unverbindlich, um zu erfahren, wie wir Ihnen dabei helfen k\u00f6nnen.<\/p>\n\n\n\n<div style=\"height:0px\" aria-hidden=\"true\" class=\"wp-block-spacer wp-container-content-62aae154\"><\/div>\n\n\n\n<div class=\"wp-block-buttons is-content-justification-center is-layout-flex wp-container-core-buttons-is-layout-a89b3969 wp-block-buttons-is-layout-flex\">\n<div class=\"wp-block-button\"><a class=\"wp-block-button__link has-text-align-center wp-element-button\" href=\"https:\/\/nextlevelrobot.com\/de\/kontakt\/\">Kontakt aufnehmen<\/a><\/div>\n<\/div>\n<\/div>\n<\/aside>\n","protected":false},"excerpt":{"rendered":"<p>Wir helfen bei Ihrer KI-Transformation Transformieren Sie Ihr Unternehmen mit ma\u00dfgeschneiderten KI-L\u00f6sungen, die Ihnen einen technischen Vorsprung verschaffen. Arbeiten Sie mit uns zusammen, um neue M\u00f6glichkeiten im Bereich k\u00fcnstlicher Intelligenz zu erschlie\u00dfen, Abl\u00e4ufe zu optimieren und sinnvolle Innovationen voranzutreiben, die sich nachhaltig auf Ihren Erfolg auswirken. \u00dcber uns Unser Ziel ist es, Sie mit den [&hellip;]<\/p>\n","protected":false},"author":1,"featured_media":0,"parent":0,"menu_order":0,"comment_status":"closed","ping_status":"closed","template":"","meta":{"footnotes":""},"class_list":["post-30","page","type-page","status-publish","hentry"],"yoast_head":"<!-- This site is optimized with the Yoast SEO plugin v25.5 - https:\/\/yoast.com\/wordpress\/plugins\/seo\/ -->\n<title>Home - nextlevelrobot<\/title>\n<meta name=\"description\" content=\"Transformieren Sie Ihr Unternehmen mit ma\u00dfgeschneiderten KI-L\u00f6sungen, die Ihnen einen technischen Vorsprung verschaffen.\" \/>\n<meta name=\"robots\" content=\"index, follow, max-snippet:-1, max-image-preview:large, max-video-preview:-1\" \/>\n<link rel=\"canonical\" href=\"https:\/\/nextlevelrobot.com\/de\/\" \/>\n<meta property=\"og:locale\" content=\"de_DE\" \/>\n<meta property=\"og:type\" content=\"article\" \/>\n<meta property=\"og:title\" content=\"Home - nextlevelrobot\" \/>\n<meta property=\"og:description\" content=\"Transformieren Sie Ihr Unternehmen mit ma\u00dfgeschneiderten KI-L\u00f6sungen, die Ihnen einen technischen Vorsprung verschaffen.\" \/>\n<meta property=\"og:url\" content=\"https:\/\/nextlevelrobot.com\/de\/\" \/>\n<meta property=\"og:site_name\" content=\"nextlevelrobot\" \/>\n<meta property=\"article:modified_time\" content=\"2025-01-21T19:37:39+00:00\" \/>\n<meta name=\"twitter:card\" content=\"summary_large_image\" \/>\n<meta name=\"twitter:label1\" content=\"Gesch\u00e4tzte Lesezeit\" \/>\n\t<meta name=\"twitter:data1\" content=\"6\u00a0Minuten\" \/>\n<script type=\"application\/ld+json\" class=\"yoast-schema-graph\">{\"@context\":\"https:\/\/schema.org\",\"@graph\":[{\"@type\":\"WebPage\",\"@id\":\"https:\/\/nextlevelrobot.com\/de\/\",\"url\":\"https:\/\/nextlevelrobot.com\/de\/\",\"name\":\"Home - nextlevelrobot\",\"isPartOf\":{\"@id\":\"https:\/\/nextlevelrobot.com\/de\/#website\"},\"primaryImageOfPage\":{\"@id\":\"https:\/\/nextlevelrobot.com\/de\/#primaryimage\"},\"image\":{\"@id\":\"https:\/\/nextlevelrobot.com\/de\/#primaryimage\"},\"thumbnailUrl\":\"https:\/\/nextlevelrobot.com\/wp-content\/uploads\/2024\/12\/robots_friendly.jpg\",\"datePublished\":\"2025-01-01T21:22:26+00:00\",\"dateModified\":\"2025-01-21T19:37:39+00:00\",\"description\":\"Transformieren Sie Ihr Unternehmen mit ma\u00dfgeschneiderten KI-L\u00f6sungen, die Ihnen einen technischen Vorsprung verschaffen.\",\"breadcrumb\":{\"@id\":\"https:\/\/nextlevelrobot.com\/de\/#breadcrumb\"},\"inLanguage\":\"de\",\"potentialAction\":[{\"@type\":\"ReadAction\",\"target\":[\"https:\/\/nextlevelrobot.com\/de\/\"]}]},{\"@type\":\"ImageObject\",\"inLanguage\":\"de\",\"@id\":\"https:\/\/nextlevelrobot.com\/de\/#primaryimage\",\"url\":\"https:\/\/nextlevelrobot.com\/wp-content\/uploads\/2024\/12\/robots_friendly.jpg\",\"contentUrl\":\"https:\/\/nextlevelrobot.com\/wp-content\/uploads\/2024\/12\/robots_friendly.jpg\"},{\"@type\":\"BreadcrumbList\",\"@id\":\"https:\/\/nextlevelrobot.com\/de\/#breadcrumb\",\"itemListElement\":[{\"@type\":\"ListItem\",\"position\":1,\"name\":\"Home\",\"item\":\"https:\/\/nextlevelrobot.com\/de\/\"},{\"@type\":\"ListItem\",\"position\":2,\"name\":\"Home\"}]},{\"@type\":\"WebSite\",\"@id\":\"https:\/\/nextlevelrobot.com\/de\/#website\",\"url\":\"https:\/\/nextlevelrobot.com\/de\/\",\"name\":\"nextlevelrobot\",\"description\":\"\",\"publisher\":{\"@id\":\"https:\/\/nextlevelrobot.com\/de\/#organization\"},\"potentialAction\":[{\"@type\":\"SearchAction\",\"target\":{\"@type\":\"EntryPoint\",\"urlTemplate\":\"https:\/\/nextlevelrobot.com\/de\/?s={search_term_string}\"},\"query-input\":{\"@type\":\"PropertyValueSpecification\",\"valueRequired\":true,\"valueName\":\"search_term_string\"}}],\"inLanguage\":\"de\"},{\"@type\":\"Organization\",\"@id\":\"https:\/\/nextlevelrobot.com\/de\/#organization\",\"name\":\"nextlevelrobot\",\"url\":\"https:\/\/nextlevelrobot.com\/de\/\",\"logo\":{\"@type\":\"ImageObject\",\"inLanguage\":\"de\",\"@id\":\"https:\/\/nextlevelrobot.com\/de\/#\/schema\/logo\/image\/\",\"url\":\"https:\/\/nextlevelrobot.com\/de\/wp-content\/uploads\/sites\/3\/2025\/07\/Logo_squared_250717_shadow2.png\",\"contentUrl\":\"https:\/\/nextlevelrobot.com\/de\/wp-content\/uploads\/sites\/3\/2025\/07\/Logo_squared_250717_shadow2.png\",\"width\":1024,\"height\":1024,\"caption\":\"nextlevelrobot\"},\"image\":{\"@id\":\"https:\/\/nextlevelrobot.com\/de\/#\/schema\/logo\/image\/\"}}]}<\/script>\n<!-- \/ Yoast SEO plugin. -->","yoast_head_json":{"title":"Home - nextlevelrobot","description":"Transformieren Sie Ihr Unternehmen mit ma\u00dfgeschneiderten KI-L\u00f6sungen, die Ihnen einen technischen Vorsprung verschaffen.","robots":{"index":"index","follow":"follow","max-snippet":"max-snippet:-1","max-image-preview":"max-image-preview:large","max-video-preview":"max-video-preview:-1"},"canonical":"https:\/\/nextlevelrobot.com\/de\/","og_locale":"de_DE","og_type":"article","og_title":"Home - nextlevelrobot","og_description":"Transformieren Sie Ihr Unternehmen mit ma\u00dfgeschneiderten KI-L\u00f6sungen, die Ihnen einen technischen Vorsprung verschaffen.","og_url":"https:\/\/nextlevelrobot.com\/de\/","og_site_name":"nextlevelrobot","article_modified_time":"2025-01-21T19:37:39+00:00","twitter_card":"summary_large_image","twitter_misc":{"Gesch\u00e4tzte Lesezeit":"6\u00a0Minuten"},"schema":{"@context":"https:\/\/schema.org","@graph":[{"@type":"WebPage","@id":"https:\/\/nextlevelrobot.com\/de\/","url":"https:\/\/nextlevelrobot.com\/de\/","name":"Home - nextlevelrobot","isPartOf":{"@id":"https:\/\/nextlevelrobot.com\/de\/#website"},"primaryImageOfPage":{"@id":"https:\/\/nextlevelrobot.com\/de\/#primaryimage"},"image":{"@id":"https:\/\/nextlevelrobot.com\/de\/#primaryimage"},"thumbnailUrl":"https:\/\/nextlevelrobot.com\/wp-content\/uploads\/2024\/12\/robots_friendly.jpg","datePublished":"2025-01-01T21:22:26+00:00","dateModified":"2025-01-21T19:37:39+00:00","description":"Transformieren Sie Ihr Unternehmen mit ma\u00dfgeschneiderten KI-L\u00f6sungen, die Ihnen einen technischen Vorsprung verschaffen.","breadcrumb":{"@id":"https:\/\/nextlevelrobot.com\/de\/#breadcrumb"},"inLanguage":"de","potentialAction":[{"@type":"ReadAction","target":["https:\/\/nextlevelrobot.com\/de\/"]}]},{"@type":"ImageObject","inLanguage":"de","@id":"https:\/\/nextlevelrobot.com\/de\/#primaryimage","url":"https:\/\/nextlevelrobot.com\/wp-content\/uploads\/2024\/12\/robots_friendly.jpg","contentUrl":"https:\/\/nextlevelrobot.com\/wp-content\/uploads\/2024\/12\/robots_friendly.jpg"},{"@type":"BreadcrumbList","@id":"https:\/\/nextlevelrobot.com\/de\/#breadcrumb","itemListElement":[{"@type":"ListItem","position":1,"name":"Home","item":"https:\/\/nextlevelrobot.com\/de\/"},{"@type":"ListItem","position":2,"name":"Home"}]},{"@type":"WebSite","@id":"https:\/\/nextlevelrobot.com\/de\/#website","url":"https:\/\/nextlevelrobot.com\/de\/","name":"nextlevelrobot","description":"","publisher":{"@id":"https:\/\/nextlevelrobot.com\/de\/#organization"},"potentialAction":[{"@type":"SearchAction","target":{"@type":"EntryPoint","urlTemplate":"https:\/\/nextlevelrobot.com\/de\/?s={search_term_string}"},"query-input":{"@type":"PropertyValueSpecification","valueRequired":true,"valueName":"search_term_string"}}],"inLanguage":"de"},{"@type":"Organization","@id":"https:\/\/nextlevelrobot.com\/de\/#organization","name":"nextlevelrobot","url":"https:\/\/nextlevelrobot.com\/de\/","logo":{"@type":"ImageObject","inLanguage":"de","@id":"https:\/\/nextlevelrobot.com\/de\/#\/schema\/logo\/image\/","url":"https:\/\/nextlevelrobot.com\/de\/wp-content\/uploads\/sites\/3\/2025\/07\/Logo_squared_250717_shadow2.png","contentUrl":"https:\/\/nextlevelrobot.com\/de\/wp-content\/uploads\/sites\/3\/2025\/07\/Logo_squared_250717_shadow2.png","width":1024,"height":1024,"caption":"nextlevelrobot"},"image":{"@id":"https:\/\/nextlevelrobot.com\/de\/#\/schema\/logo\/image\/"}}]}},"_links":{"self":[{"href":"https:\/\/nextlevelrobot.com\/de\/wp-json\/wp\/v2\/pages\/30","targetHints":{"allow":["GET"]}}],"collection":[{"href":"https:\/\/nextlevelrobot.com\/de\/wp-json\/wp\/v2\/pages"}],"about":[{"href":"https:\/\/nextlevelrobot.com\/de\/wp-json\/wp\/v2\/types\/page"}],"author":[{"embeddable":true,"href":"https:\/\/nextlevelrobot.com\/de\/wp-json\/wp\/v2\/users\/1"}],"replies":[{"embeddable":true,"href":"https:\/\/nextlevelrobot.com\/de\/wp-json\/wp\/v2\/comments?post=30"}],"version-history":[{"count":12,"href":"https:\/\/nextlevelrobot.com\/de\/wp-json\/wp\/v2\/pages\/30\/revisions"}],"predecessor-version":[{"id":97,"href":"https:\/\/nextlevelrobot.com\/de\/wp-json\/wp\/v2\/pages\/30\/revisions\/97"}],"wp:attachment":[{"href":"https:\/\/nextlevelrobot.com\/de\/wp-json\/wp\/v2\/media?parent=30"}],"curies":[{"name":"wp","href":"https:\/\/api.w.org\/{rel}","templated":true}]}}