{"id":13,"date":"2025-01-01T21:09:06","date_gmt":"2025-01-01T21:09:06","guid":{"rendered":"https:\/\/nextlevelrobot.com\/de\/?page_id=13"},"modified":"2025-01-02T01:00:30","modified_gmt":"2025-01-02T01:00:30","slug":"kontakt","status":"publish","type":"page","link":"https:\/\/nextlevelrobot.com\/de\/kontakt\/","title":{"rendered":"Kontakt"},"content":{"rendered":"\n<div class=\"wp-block-group alignfull is-style-default is-layout-flow wp-block-group-is-layout-flow\" style=\"min-height:0vh;margin-top:0;margin-bottom:0;padding-top:var(--wp--preset--spacing--50);padding-right:var(--wp--preset--spacing--50);padding-bottom:var(--wp--preset--spacing--50);padding-left:var(--wp--preset--spacing--50)\">\n<p>Sind Sie bereit, Ihr Unternehmen mit modernsten KI-L\u00f6sungen auf das n\u00e4chste &#8222;Level&#8220; zu heben? Kontaktieren Sie uns noch heute, um zu erfahren, wie wir Ihnen helfen k\u00f6nnen, neue M\u00f6glichkeiten zu erschlie\u00dfen, Ihre Abl\u00e4ufe zu optimieren und Innovationen voranzutreiben. Ganz gleich, ob Sie KI implementieren wollen, Datenprozesse optimieren m\u00f6chten oder fachkundige Beratung ben\u00f6tigen, unser Team steht Ihnen bei jedem Schritt zur Seite. Gemeinsam finden wir ma\u00dfgeschneiderte L\u00f6sungen f\u00fcr Ihr Unternehmen und machen Sie langfristig erfolgreich. Nehmen Sie jetzt Kontakt auf und beginnen Sie Ihre Reise in Richtung KI-gesteuerte Transformation.<\/p>\n\n\n<div class=\"wpforms-container wpforms-container-full wpforms-block wpforms-block-facb76be-2990-4028-a2fc-9f785ebd3e5b wpforms-render-modern\" id=\"wpforms-16\"><form id=\"wpforms-form-16\" class=\"wpforms-validate wpforms-form wpforms-ajax-form\" data-formid=\"16\" method=\"post\" enctype=\"multipart\/form-data\" action=\"\/de\/wp-json\/wp\/v2\/pages\/13\" data-token=\"37fb00dd2c500c6c6314ab4e6e05958c\" data-token-time=\"1776473415\"><noscript class=\"wpforms-error-noscript\">Bitte aktiviere JavaScript in deinem Browser, um dieses Formular fertigzustellen.<\/noscript><div id=\"wpforms-error-noscript\" style=\"display: none;\">Bitte aktiviere JavaScript in deinem Browser, um dieses Formular fertigzustellen.<\/div><div class=\"wpforms-field-container\">\t\t<div id=\"wpforms-16-field_4-container\"\n\t\t\tclass=\"wpforms-field wpforms-field-text\"\n\t\t\tdata-field-type=\"text\"\n\t\t\tdata-field-id=\"4\"\n\t\t\t>\n\t\t\t<label class=\"wpforms-field-label\" for=\"wpforms-16-field_4\" >Email Kommentar Name<\/label>\n\t\t\t<input type=\"text\" id=\"wpforms-16-field_4\" class=\"wpforms-field-medium\" name=\"wpforms[fields][4]\" >\n\t\t<\/div>\n\t\t<div id=\"wpforms-16-field_1-container\" class=\"wpforms-field wpforms-field-name\" data-field-id=\"1\"><fieldset><legend class=\"wpforms-field-label\">Name <span class=\"wpforms-required-label\" aria-hidden=\"true\">*<\/span><\/legend><div class=\"wpforms-field-row wpforms-field-medium\"><div class=\"wpforms-field-row-block wpforms-first wpforms-one-half\"><input type=\"text\" id=\"wpforms-16-field_1\" class=\"wpforms-field-name-first wpforms-field-required\" name=\"wpforms[fields][1][first]\" placeholder=\"Vorname\" aria-errormessage=\"wpforms-16-field_1-error\" required><label for=\"wpforms-16-field_1\" class=\"wpforms-field-sublabel after wpforms-sublabel-hide\">Vorname<\/label><\/div><div class=\"wpforms-field-row-block wpforms-one-half\"><input type=\"text\" id=\"wpforms-16-field_1-last\" class=\"wpforms-field-name-last wpforms-field-required\" name=\"wpforms[fields][1][last]\" placeholder=\"Nachname\" aria-errormessage=\"wpforms-16-field_1-last-error\" required><label for=\"wpforms-16-field_1-last\" class=\"wpforms-field-sublabel after wpforms-sublabel-hide\">Nachname<\/label><\/div><\/div><\/fieldset><\/div><div id=\"wpforms-16-field_2-container\" class=\"wpforms-field wpforms-field-email\" data-field-id=\"2\"><label class=\"wpforms-field-label\" for=\"wpforms-16-field_2\">Email <span class=\"wpforms-required-label\" aria-hidden=\"true\">*<\/span><\/label><input type=\"email\" id=\"wpforms-16-field_2\" class=\"wpforms-field-medium wpforms-field-required\" name=\"wpforms[fields][2]\" spellcheck=\"false\" aria-errormessage=\"wpforms-16-field_2-error\" required><\/div><div id=\"wpforms-16-field_3-container\" class=\"wpforms-field wpforms-field-textarea\" data-field-id=\"3\"><label class=\"wpforms-field-label\" for=\"wpforms-16-field_3\">Kommentar oder Nachricht<\/label><textarea id=\"wpforms-16-field_3\" class=\"wpforms-field-medium\" name=\"wpforms[fields][3]\" aria-errormessage=\"wpforms-16-field_3-error\" ><\/textarea><\/div><script>\n\t\t\t\t( function() {\n\t\t\t\t\tconst style = document.createElement( 'style' );\n\t\t\t\t\tstyle.appendChild( document.createTextNode( '#wpforms-16-field_4-container { position: absolute !important; overflow: hidden !important; display: inline !important; height: 1px !important; width: 1px !important; z-index: -1000 !important; padding: 0 !important; } #wpforms-16-field_4-container input { visibility: hidden; } #wpforms-conversational-form-page #wpforms-16-field_4-container label { counter-increment: none; }' ) );\n\t\t\t\t\tdocument.head.appendChild( style );\n\t\t\t\t\tdocument.currentScript?.remove();\n\t\t\t\t} )();\n\t\t\t<\/script><\/div><!-- .wpforms-field-container --><div class=\"wpforms-recaptcha-container wpforms-is-recaptcha wpforms-is-recaptcha-type-v3\" ><input type=\"hidden\" name=\"wpforms[recaptcha]\" value=\"\"><\/div><div class=\"wpforms-submit-container\" ><input type=\"hidden\" name=\"wpforms[id]\" value=\"16\"><input type=\"hidden\" name=\"page_title\" value=\"\"><input type=\"hidden\" name=\"page_url\" value=\"https:\/\/nextlevelrobot.com\/de\/wp-json\/wp\/v2\/pages\/13\"><input type=\"hidden\" name=\"url_referer\" value=\"\"><button type=\"submit\" name=\"wpforms[submit]\" id=\"wpforms-submit-16\" class=\"wpforms-submit\" data-alt-text=\"Sende Nachricht...\" data-submit-text=\"Abschicken\" aria-live=\"assertive\" value=\"wpforms-submit\">Abschicken<\/button><img loading=\"lazy\" decoding=\"async\" src=\"https:\/\/nextlevelrobot.com\/de\/wp-content\/plugins\/wpforms-lite\/assets\/images\/submit-spin.svg\" class=\"wpforms-submit-spinner\" style=\"display: none;\" width=\"26\" height=\"26\" alt=\"Wird geladen\"><\/div><\/form><\/div>  <!-- .wpforms-container --><\/div>\n","protected":false},"excerpt":{"rendered":"<p>Sind Sie bereit, Ihr Unternehmen mit modernsten KI-L\u00f6sungen auf das n\u00e4chste &#8222;Level&#8220; zu heben? Kontaktieren Sie uns noch heute, um zu erfahren, wie wir Ihnen helfen k\u00f6nnen, neue M\u00f6glichkeiten zu erschlie\u00dfen, Ihre Abl\u00e4ufe zu optimieren und Innovationen voranzutreiben. Ganz gleich, ob Sie KI implementieren wollen, Datenprozesse optimieren m\u00f6chten oder fachkundige Beratung ben\u00f6tigen, unser Team steht [&hellip;]<\/p>\n","protected":false},"author":1,"featured_media":0,"parent":0,"menu_order":0,"comment_status":"closed","ping_status":"closed","template":"","meta":{"footnotes":""},"class_list":["post-13","page","type-page","status-publish","hentry"],"yoast_head":"<!-- This site is optimized with the Yoast SEO plugin v25.5 - https:\/\/yoast.com\/wordpress\/plugins\/seo\/ -->\n<title>Kontakt - nextlevelrobot<\/title>\n<meta name=\"description\" content=\"Kontaktieren Sie uns noch heute, um zu erfahren, wie wir Ihnen helfen k\u00f6nnen, neue M\u00f6glichkeiten zu erschlie\u00dfen, Ihre Abl\u00e4ufe zu optimieren und Innovationen voranzutreiben.\" \/>\n<meta name=\"robots\" content=\"index, follow, max-snippet:-1, max-image-preview:large, max-video-preview:-1\" \/>\n<link rel=\"canonical\" href=\"https:\/\/nextlevelrobot.com\/de\/kontakt\/\" \/>\n<meta property=\"og:locale\" content=\"de_DE\" \/>\n<meta property=\"og:type\" content=\"article\" \/>\n<meta property=\"og:title\" content=\"Kontakt - nextlevelrobot\" \/>\n<meta property=\"og:description\" content=\"Kontaktieren Sie uns noch heute, um zu erfahren, wie wir Ihnen helfen k\u00f6nnen, neue M\u00f6glichkeiten zu erschlie\u00dfen, Ihre Abl\u00e4ufe zu optimieren und Innovationen voranzutreiben.\" \/>\n<meta property=\"og:url\" content=\"https:\/\/nextlevelrobot.com\/de\/kontakt\/\" \/>\n<meta property=\"og:site_name\" content=\"nextlevelrobot\" \/>\n<meta property=\"article:modified_time\" content=\"2025-01-02T01:00:30+00:00\" \/>\n<meta name=\"twitter:card\" content=\"summary_large_image\" \/>\n<meta name=\"twitter:label1\" content=\"Gesch\u00e4tzte Lesezeit\" \/>\n\t<meta name=\"twitter:data1\" content=\"1\u00a0Minute\" \/>\n<script type=\"application\/ld+json\" class=\"yoast-schema-graph\">{\"@context\":\"https:\/\/schema.org\",\"@graph\":[{\"@type\":\"WebPage\",\"@id\":\"https:\/\/nextlevelrobot.com\/de\/kontakt\/\",\"url\":\"https:\/\/nextlevelrobot.com\/de\/kontakt\/\",\"name\":\"Kontakt - nextlevelrobot\",\"isPartOf\":{\"@id\":\"https:\/\/nextlevelrobot.com\/de\/#website\"},\"datePublished\":\"2025-01-01T21:09:06+00:00\",\"dateModified\":\"2025-01-02T01:00:30+00:00\",\"description\":\"Kontaktieren Sie uns noch heute, um zu erfahren, wie wir Ihnen helfen k\u00f6nnen, neue M\u00f6glichkeiten zu erschlie\u00dfen, Ihre Abl\u00e4ufe zu optimieren und Innovationen voranzutreiben.\",\"breadcrumb\":{\"@id\":\"https:\/\/nextlevelrobot.com\/de\/kontakt\/#breadcrumb\"},\"inLanguage\":\"de\",\"potentialAction\":[{\"@type\":\"ReadAction\",\"target\":[\"https:\/\/nextlevelrobot.com\/de\/kontakt\/\"]}]},{\"@type\":\"BreadcrumbList\",\"@id\":\"https:\/\/nextlevelrobot.com\/de\/kontakt\/#breadcrumb\",\"itemListElement\":[{\"@type\":\"ListItem\",\"position\":1,\"name\":\"Home\",\"item\":\"https:\/\/nextlevelrobot.com\/de\/\"},{\"@type\":\"ListItem\",\"position\":2,\"name\":\"Kontakt\"}]},{\"@type\":\"WebSite\",\"@id\":\"https:\/\/nextlevelrobot.com\/de\/#website\",\"url\":\"https:\/\/nextlevelrobot.com\/de\/\",\"name\":\"nextlevelrobot\",\"description\":\"\",\"publisher\":{\"@id\":\"https:\/\/nextlevelrobot.com\/de\/#organization\"},\"potentialAction\":[{\"@type\":\"SearchAction\",\"target\":{\"@type\":\"EntryPoint\",\"urlTemplate\":\"https:\/\/nextlevelrobot.com\/de\/?s={search_term_string}\"},\"query-input\":{\"@type\":\"PropertyValueSpecification\",\"valueRequired\":true,\"valueName\":\"search_term_string\"}}],\"inLanguage\":\"de\"},{\"@type\":\"Organization\",\"@id\":\"https:\/\/nextlevelrobot.com\/de\/#organization\",\"name\":\"nextlevelrobot\",\"url\":\"https:\/\/nextlevelrobot.com\/de\/\",\"logo\":{\"@type\":\"ImageObject\",\"inLanguage\":\"de\",\"@id\":\"https:\/\/nextlevelrobot.com\/de\/#\/schema\/logo\/image\/\",\"url\":\"https:\/\/nextlevelrobot.com\/de\/wp-content\/uploads\/sites\/3\/2025\/07\/Logo_squared_250717_shadow2.png\",\"contentUrl\":\"https:\/\/nextlevelrobot.com\/de\/wp-content\/uploads\/sites\/3\/2025\/07\/Logo_squared_250717_shadow2.png\",\"width\":1024,\"height\":1024,\"caption\":\"nextlevelrobot\"},\"image\":{\"@id\":\"https:\/\/nextlevelrobot.com\/de\/#\/schema\/logo\/image\/\"}}]}<\/script>\n<!-- \/ Yoast SEO plugin. -->","yoast_head_json":{"title":"Kontakt - nextlevelrobot","description":"Kontaktieren Sie uns noch heute, um zu erfahren, wie wir Ihnen helfen k\u00f6nnen, neue M\u00f6glichkeiten zu erschlie\u00dfen, Ihre Abl\u00e4ufe zu optimieren und Innovationen voranzutreiben.","robots":{"index":"index","follow":"follow","max-snippet":"max-snippet:-1","max-image-preview":"max-image-preview:large","max-video-preview":"max-video-preview:-1"},"canonical":"https:\/\/nextlevelrobot.com\/de\/kontakt\/","og_locale":"de_DE","og_type":"article","og_title":"Kontakt - nextlevelrobot","og_description":"Kontaktieren Sie uns noch heute, um zu erfahren, wie wir Ihnen helfen k\u00f6nnen, neue M\u00f6glichkeiten zu erschlie\u00dfen, Ihre Abl\u00e4ufe zu optimieren und Innovationen voranzutreiben.","og_url":"https:\/\/nextlevelrobot.com\/de\/kontakt\/","og_site_name":"nextlevelrobot","article_modified_time":"2025-01-02T01:00:30+00:00","twitter_card":"summary_large_image","twitter_misc":{"Gesch\u00e4tzte Lesezeit":"1\u00a0Minute"},"schema":{"@context":"https:\/\/schema.org","@graph":[{"@type":"WebPage","@id":"https:\/\/nextlevelrobot.com\/de\/kontakt\/","url":"https:\/\/nextlevelrobot.com\/de\/kontakt\/","name":"Kontakt - nextlevelrobot","isPartOf":{"@id":"https:\/\/nextlevelrobot.com\/de\/#website"},"datePublished":"2025-01-01T21:09:06+00:00","dateModified":"2025-01-02T01:00:30+00:00","description":"Kontaktieren Sie uns noch heute, um zu erfahren, wie wir Ihnen helfen k\u00f6nnen, neue M\u00f6glichkeiten zu erschlie\u00dfen, Ihre Abl\u00e4ufe zu optimieren und Innovationen voranzutreiben.","breadcrumb":{"@id":"https:\/\/nextlevelrobot.com\/de\/kontakt\/#breadcrumb"},"inLanguage":"de","potentialAction":[{"@type":"ReadAction","target":["https:\/\/nextlevelrobot.com\/de\/kontakt\/"]}]},{"@type":"BreadcrumbList","@id":"https:\/\/nextlevelrobot.com\/de\/kontakt\/#breadcrumb","itemListElement":[{"@type":"ListItem","position":1,"name":"Home","item":"https:\/\/nextlevelrobot.com\/de\/"},{"@type":"ListItem","position":2,"name":"Kontakt"}]},{"@type":"WebSite","@id":"https:\/\/nextlevelrobot.com\/de\/#website","url":"https:\/\/nextlevelrobot.com\/de\/","name":"nextlevelrobot","description":"","publisher":{"@id":"https:\/\/nextlevelrobot.com\/de\/#organization"},"potentialAction":[{"@type":"SearchAction","target":{"@type":"EntryPoint","urlTemplate":"https:\/\/nextlevelrobot.com\/de\/?s={search_term_string}"},"query-input":{"@type":"PropertyValueSpecification","valueRequired":true,"valueName":"search_term_string"}}],"inLanguage":"de"},{"@type":"Organization","@id":"https:\/\/nextlevelrobot.com\/de\/#organization","name":"nextlevelrobot","url":"https:\/\/nextlevelrobot.com\/de\/","logo":{"@type":"ImageObject","inLanguage":"de","@id":"https:\/\/nextlevelrobot.com\/de\/#\/schema\/logo\/image\/","url":"https:\/\/nextlevelrobot.com\/de\/wp-content\/uploads\/sites\/3\/2025\/07\/Logo_squared_250717_shadow2.png","contentUrl":"https:\/\/nextlevelrobot.com\/de\/wp-content\/uploads\/sites\/3\/2025\/07\/Logo_squared_250717_shadow2.png","width":1024,"height":1024,"caption":"nextlevelrobot"},"image":{"@id":"https:\/\/nextlevelrobot.com\/de\/#\/schema\/logo\/image\/"}}]}},"_links":{"self":[{"href":"https:\/\/nextlevelrobot.com\/de\/wp-json\/wp\/v2\/pages\/13","targetHints":{"allow":["GET"]}}],"collection":[{"href":"https:\/\/nextlevelrobot.com\/de\/wp-json\/wp\/v2\/pages"}],"about":[{"href":"https:\/\/nextlevelrobot.com\/de\/wp-json\/wp\/v2\/types\/page"}],"author":[{"embeddable":true,"href":"https:\/\/nextlevelrobot.com\/de\/wp-json\/wp\/v2\/users\/1"}],"replies":[{"embeddable":true,"href":"https:\/\/nextlevelrobot.com\/de\/wp-json\/wp\/v2\/comments?post=13"}],"version-history":[{"count":4,"href":"https:\/\/nextlevelrobot.com\/de\/wp-json\/wp\/v2\/pages\/13\/revisions"}],"predecessor-version":[{"id":25,"href":"https:\/\/nextlevelrobot.com\/de\/wp-json\/wp\/v2\/pages\/13\/revisions\/25"}],"wp:attachment":[{"href":"https:\/\/nextlevelrobot.com\/de\/wp-json\/wp\/v2\/media?parent=13"}],"curies":[{"name":"wp","href":"https:\/\/api.w.org\/{rel}","templated":true}]}}